{"id":307,"date":"2025-01-23T15:43:40","date_gmt":"2025-01-23T23:43:40","guid":{"rendered":"https:\/\/napavalleytogether.org\/?page_id=307"},"modified":"2026-04-13T12:46:31","modified_gmt":"2026-04-13T19:46:31","slug":"get-help","status":"publish","type":"page","link":"https:\/\/napavalleytogether.org\/es\/get-help\/","title":{"rendered":"Obtener ayuda"},"content":{"rendered":"<section class=\"bde-section-307-100 bde-section\">\n              \n  \n  \n\t\n\n  <div class=\"section-background-overlay\"><\/div>\n\n\n<div class=\"section-container\"><div class=\"bde-text-307-101 bde-text\">\nobtener ayuda\n<\/div><div class=\"bde-fancy-divider-307-102 bde-fancy-divider\">\n\n\n<div class=\"bde-fancy-divider__wrapper\">\n  <div class=\"bde-fancy-divider__separator\">\n  \t  <\/div>\n<\/div>\n\n<\/div><h1 class=\"bde-heading-307-103 bde-heading\">\nEstamos aqu\u00ed para ayudarle\n<\/h1><div class=\"bde-text-307-104 bde-text\">\nEnfrentarse a los retos de la inmigraci\u00f3n puede ser abrumador, pero no tiene por qu\u00e9 hacerlo solo. <br><br>Los socios de Juntos Napa Valley pueden ayudar con servicios legales, planificaci\u00f3n de la separaci\u00f3n familiar, reunificaci\u00f3n familiar, defensa contra la expulsi\u00f3n por deportaci\u00f3n y solicitudes de ciudadan\u00eda.\u00a0<br><br>Ofrecemos consultas de inmigraci\u00f3n gratuitas o de bajo coste, servicios jur\u00eddicos y asistencia con las solicitudes de ciudadan\u00eda. Tambi\u00e9n ofrecemos talleres para conocer sus derechos, planificaci\u00f3n de preparaci\u00f3n para la separaci\u00f3n familiar y consultas y referencias para la defensa contra la deportaci\u00f3n.\n<\/div><\/div>\n<\/section><section class=\"bde-section-307-151 bde-section\">\n  \n  \n\t\n\n\n\n<div class=\"section-container\"><div class=\"bde-columns-307-152 bde-columns\"><div class=\"bde-column-307-153 bde-column\">\n  \n  \n\t\n\n\n\n<div class=\"bde-image-307-154 bde-image\">\n<figure class=\"breakdance-image breakdance-image--91\">\n\t<div class=\"breakdance-image-container\">\n\t\t<div class=\"breakdance-image-clip\"><img loading=\"lazy\" decoding=\"async\" class=\"breakdance-image-object\" src=\"http:\/\/napavalleytogether.org\/wp-content\/uploads\/2024\/12\/BOS-meeting-July-14-2015-05-6437_web.jpg\" width=\"1335\" height=\"2000\" srcset=\"https:\/\/napavalleytogether.org\/wp-content\/uploads\/2024\/12\/BOS-meeting-July-14-2015-05-6437_web.jpg 1335w, https:\/\/napavalleytogether.org\/wp-content\/uploads\/2024\/12\/BOS-meeting-July-14-2015-05-6437_web-200x300.jpg 200w, https:\/\/napavalleytogether.org\/wp-content\/uploads\/2024\/12\/BOS-meeting-July-14-2015-05-6437_web-684x1024.jpg 684w, https:\/\/napavalleytogether.org\/wp-content\/uploads\/2024\/12\/BOS-meeting-July-14-2015-05-6437_web-768x1151.jpg 768w, https:\/\/napavalleytogether.org\/wp-content\/uploads\/2024\/12\/BOS-meeting-July-14-2015-05-6437_web-1025x1536.jpg 1025w\" sizes=\"auto, (max-width: 1335px) 100vw, 1335px\"><\/div>\n\t<\/div><\/figure>\n\n<\/div>\n<\/div><div class=\"bde-column-307-155 bde-column\">\n  \n  \n\t\n\n\n\n<h3 class=\"bde-heading-307-156 bde-heading\">\nOfrecemos los siguientes servicios b\u00e1sicos:\n<\/h3><div class=\"bde-rich-text-307-157 bde-rich-text breakdance-rich-text-styles\">\n<p>\u00a0<\/p><ul><li>Servicios jur\u00eddicos gratuitos o de bajo coste, prestados por abogados y representantes acreditados.<\/li><li style=\"text-align: left;\"><p class=\"\">Apoyo a los padres inmigrantes con hijos menores para crear planes de preparaci\u00f3n familiar.<\/p><\/li><li><p class=\"\" style=\"text-align: left;\">Informaci\u00f3n gratuita para todas las personas que deseen saber si cumplen los requisitos para solicitar la ciudadan\u00eda estadounidense;<\/p><\/li><li style=\"text-align: left;\"><p class=\"\">Clases gratuitas de preparaci\u00f3n para el examen de civismo en ingl\u00e9s y espa\u00f1ol;<\/p><\/li><li style=\"text-align: left;\"><p class=\"\">Informaci\u00f3n y remisi\u00f3n a organismos p\u00fablicos y organizaciones locales para garantizar que los reci\u00e9n llegados tengan acceso a informaci\u00f3n y servicios esenciales;<\/p><\/li><li style=\"text-align: left;\"><p class=\"\">Entrenamientos para proveedores de servicios, empresarios y otros grupos comunitarios que tratan de apoyar a los inmigrantes con informaci\u00f3n precisa y servicios legales.\u00a0<\/p><\/li><li style=\"text-align: left;\"><p class=\"\">Contrataci\u00f3n, formaci\u00f3n y supervisi\u00f3n de l\u00edderes juveniles, becarios y estudiantes de Derecho que realizan investigaciones, imparten clases de ciudadan\u00eda, ofrecen consultas y prestan asistencia en casos jur\u00eddicos.<\/p><\/li><\/ul>\n<\/div>\n<\/div><\/div><\/div>\n<\/section><section class=\"bde-section-307-188 bde-section\">\n  \n  \n\t\n\n\n\n<div class=\"section-container\"><div class=\"bde-columns-307-189 bde-columns\"><div class=\"bde-column-307-190 bde-column\">\n  \n  \n\t\n\n\n\n<img decoding=\"async\" class=\"bde-image2-307-183 bde-image2\" src=\"http:\/\/napavalleytogether.org\/wp-content\/uploads\/2026\/03\/Natz-Workshop-Calendar-Flyer-Spring-2026-scaled.jpg\" loading=\"lazy\" srcset=\"https:\/\/napavalleytogether.org\/wp-content\/uploads\/2026\/03\/Natz-Workshop-Calendar-Flyer-Spring-2026-scaled.jpg 1979w, https:\/\/napavalleytogether.org\/wp-content\/uploads\/2026\/03\/Natz-Workshop-Calendar-Flyer-Spring-2026-232x300.jpg 232w, https:\/\/napavalleytogether.org\/wp-content\/uploads\/2026\/03\/Natz-Workshop-Calendar-Flyer-Spring-2026-791x1024.jpg 791w, https:\/\/napavalleytogether.org\/wp-content\/uploads\/2026\/03\/Natz-Workshop-Calendar-Flyer-Spring-2026-768x994.jpg 768w, https:\/\/napavalleytogether.org\/wp-content\/uploads\/2026\/03\/Natz-Workshop-Calendar-Flyer-Spring-2026-1187x1536.jpg 1187w, https:\/\/napavalleytogether.org\/wp-content\/uploads\/2026\/03\/Natz-Workshop-Calendar-Flyer-Spring-2026-1583x2048.jpg 1583w, https:\/\/napavalleytogether.org\/wp-content\/uploads\/2026\/03\/Natz-Workshop-Calendar-Flyer-Spring-2026-9x12.jpg 9w\" sizes=\"(max-width: 1979px) 100vw, 1979px\">\n<\/div><div class=\"bde-column-307-191 bde-column\">\n  \n  \n\t\n\n\n\n<img decoding=\"async\" class=\"bde-image2-307-187 bde-image2\" src=\"http:\/\/napavalleytogether.org\/wp-content\/uploads\/2026\/03\/Natz-Workshop-Calendar-Flyer-Spring-2026-scaled.png\" loading=\"lazy\" srcset=\"https:\/\/napavalleytogether.org\/wp-content\/uploads\/2026\/03\/Natz-Workshop-Calendar-Flyer-Spring-2026-scaled.png 1979w, https:\/\/napavalleytogether.org\/wp-content\/uploads\/2026\/03\/Natz-Workshop-Calendar-Flyer-Spring-2026-232x300.png 232w, https:\/\/napavalleytogether.org\/wp-content\/uploads\/2026\/03\/Natz-Workshop-Calendar-Flyer-Spring-2026-791x1024.png 791w, https:\/\/napavalleytogether.org\/wp-content\/uploads\/2026\/03\/Natz-Workshop-Calendar-Flyer-Spring-2026-768x994.png 768w, https:\/\/napavalleytogether.org\/wp-content\/uploads\/2026\/03\/Natz-Workshop-Calendar-Flyer-Spring-2026-1187x1536.png 1187w, https:\/\/napavalleytogether.org\/wp-content\/uploads\/2026\/03\/Natz-Workshop-Calendar-Flyer-Spring-2026-1583x2048.png 1583w, https:\/\/napavalleytogether.org\/wp-content\/uploads\/2026\/03\/Natz-Workshop-Calendar-Flyer-Spring-2026-9x12.png 9w\" sizes=\"(max-width: 1979px) 100vw, 1979px\">\n<\/div><\/div><\/div>\n<\/section><section id=\"contact-us\" class=\"bde-section-307-159 bde-section\">\n  \n  \n\t\n\n\n\n<div class=\"section-container\"><h1 class=\"bde-heading-307-160 bde-heading\">\nComun\u00edquese con nosotros\n<\/h1><div class=\"bde-columns-307-161 bde-columns\"><div class=\"bde-column-307-177 bde-column\">\n  \n  \n\t\n\n\n\n<img decoding=\"async\" class=\"bde-image2-307-178 bde-image2\" src=\"http:\/\/napavalleytogether.org\/wp-content\/uploads\/2026\/04\/2.png\" loading=\"lazy\" srcset=\"https:\/\/napavalleytogether.org\/wp-content\/uploads\/2026\/04\/2.png 400w, https:\/\/napavalleytogether.org\/wp-content\/uploads\/2026\/04\/2-300x150.png 300w, https:\/\/napavalleytogether.org\/wp-content\/uploads\/2026\/04\/2-18x9.png 18w\" sizes=\"(max-width: 400px) 100vw, 400px\"><div class=\"bde-badge-307-193 bde-badge\">\n<span >PROVEEDOR LEGAL<\/span>\n<\/div><h1 class=\"bde-heading-307-179 bde-heading\">\n<br>UPVALLEY FAMILY CENTERS\n<\/h1><div class=\"bde-rich-text-307-180 bde-rich-text breakdance-rich-text-styles\">\n<p><span style=\"font-weight: 400;\">1440 Spring Street, St. Helena y<\/span><span style=\"font-weight: 400;\"><br \/><\/span><span style=\"font-weight: 400;\">1500 Cedar Street, Calistoga<\/span><\/p><p><span style=\"font-weight: 400;\">(707) 965- 5010<\/span><\/p><p><span style=\"font-weight: 400;\">Lunes\/ Lunes -- Viernes\/ Viernes, 8:30 - 17:00<\/span><\/p>\n<\/div><div class=\"bde-button-307-181 bde-button\">\n        \n    \n    \n    \n    \n            \n                    \n            \n            \n\n    \n    \n    \n    \n    \n    <a class=\"breakdance-link button-atom button-atom--secondary bde-button__button\" href=\"https:\/\/upvalleyfamilycenters.org\/our-programs\/immigrants\/\" target=\"_self\" data-type=\"url\"  >\n\n    \n        <span class=\"button-atom__text\">Haga clic aqu\u00ed<\/span>\n\n        \n        \n                <\/a>\n\n    \n\n\n<\/div>\n<\/div><div class=\"bde-column-307-162 bde-column\">\n  \n  \n\t\n\n\n\n<img decoding=\"async\" class=\"bde-image2-307-163 bde-image2\" src=\"http:\/\/napavalleytogether.org\/wp-content\/uploads\/2024\/12\/IIBA-logo-white.svg\" alt=\"Immigration Institute of the Bay Area logo - white\" loading=\"lazy\"><div class=\"bde-badge-307-192 bde-badge\">\n<span >PROVEEDOR LEGAL<\/span>\n<\/div><h1 class=\"bde-heading-307-164 bde-heading\">\n<br>INSTITUTO DE INMIGRACI\u00d3N DE LA ZONA DE LA BAH\u00cdA\n<\/h1><div class=\"bde-rich-text-307-165 bde-rich-text breakdance-rich-text-styles\">\n<p><span style=\"font-weight: 400;\">3299 Claremont Way, Suite 3, Napa, CA<\/span><\/p><p>(707) 266-1568<\/p><p><span style=\"font-weight: 400;\">Lunes\/ Lunes -- Viernes\/ Viernes, 9:00am - 5:00pm <\/span><\/p>\n<\/div><div class=\"bde-button-307-166 bde-button\">\n        \n    \n    \n    \n    \n            \n                    \n            \n            \n\n    \n    \n    \n    \n    \n    <a class=\"breakdance-link button-atom button-atom--secondary bde-button__button\" href=\"https:\/\/iibayarea.org\/offices\/napa\/\" target=\"_self\" data-type=\"url\"  >\n\n    \n        <span class=\"button-atom__text\">Haga clic aqu\u00ed<\/span>\n\n        \n        \n                <\/a>\n\n    \n\n\n<\/div>\n<\/div><div class=\"bde-column-307-167 bde-column\">\n  \n  \n\t\n\n\n\n<img decoding=\"async\" class=\"bde-image2-307-168 bde-image2\" src=\"http:\/\/napavalleytogether.org\/wp-content\/uploads\/2026\/04\/3.png\" loading=\"lazy\" srcset=\"https:\/\/napavalleytogether.org\/wp-content\/uploads\/2026\/04\/3.png 400w, https:\/\/napavalleytogether.org\/wp-content\/uploads\/2026\/04\/3-300x150.png 300w, https:\/\/napavalleytogether.org\/wp-content\/uploads\/2026\/04\/3-18x9.png 18w\" sizes=\"(max-width: 400px) 100vw, 400px\"><h1 class=\"bde-heading-307-169 bde-heading\">\n<br>EN MOVIMIENTO\n<\/h1><div class=\"bde-rich-text-307-170 bde-rich-text breakdance-rich-text-styles\">\n<p><span style=\"font-weight: 400;\">(707) 738-3345<\/span><\/p><p><span style=\"font-weight: 400;\">Lunes a Viernes, 10:00am - 6:00pm<\/span><\/p>\n<\/div><div class=\"bde-button-307-171 bde-button\">\n        \n    \n    \n    \n    \n            \n                    \n            \n            \n\n    \n    \n    \n    \n    \n    <a class=\"breakdance-link button-atom button-atom--secondary bde-button__button\" href=\"https:\/\/www.onthemovebayarea.org\" target=\"_self\" data-type=\"url\"  >\n\n    \n        <span class=\"button-atom__text\">Haga clic aqu\u00ed<\/span>\n\n        \n        \n                <\/a>\n\n    \n\n\n<\/div>\n<\/div><div class=\"bde-column-307-172 bde-column\">\n  \n  \n\t\n\n\n\n<img decoding=\"async\" class=\"bde-image2-307-173 bde-image2\" src=\"http:\/\/napavalleytogether.org\/wp-content\/uploads\/2026\/04\/4.png\" loading=\"lazy\" srcset=\"https:\/\/napavalleytogether.org\/wp-content\/uploads\/2026\/04\/4.png 400w, https:\/\/napavalleytogether.org\/wp-content\/uploads\/2026\/04\/4-300x150.png 300w, https:\/\/napavalleytogether.org\/wp-content\/uploads\/2026\/04\/4-18x9.png 18w\" sizes=\"(max-width: 400px) 100vw, 400px\"><h1 class=\"bde-heading-307-174 bde-heading\">\nPUERTAS ABIERTAS centro de recursos comunitarios\n<\/h1><div class=\"bde-rich-text-307-175 bde-rich-text breakdance-rich-text-styles\">\n<p><span style=\"font-weight: 400;\">625 Imperial Way, Suite 6, Napa, CA<\/span><\/p><p><span style=\"font-weight: 400;\">(707) 224-1786<\/span><\/p><p><span style=\"font-weight: 400;\">Lunes\/ Lunes -- Viernes\/ Viernes, 9:00am - 5:00pm <\/span><\/p>\n<\/div><div class=\"bde-button-307-176 bde-button\">\n        \n    \n    \n    \n    \n            \n                    \n            \n            \n\n    \n    \n    \n    \n    \n    <a class=\"breakdance-link button-atom button-atom--secondary bde-button__button\" href=\"https:\/\/www.puertasabiertasnapa.org\/legal-navigation\" target=\"_self\" data-type=\"url\"  >\n\n    \n        <span class=\"button-atom__text\">Haga clic aqu\u00ed<\/span>\n\n        \n        \n                <\/a>\n\n    \n\n\n<\/div>\n<\/div><\/div><\/div>\n<\/section>","protected":false},"excerpt":{"rendered":"<p>get help We&#8217;re Here to Help Navigating immigration challenges can be overwhelming, but you don\u2019t have to do it alone. Napa Valley Together partners can help with legal services, family separation planning, family reunification, deportation removal defense, and citizenship applications.\u00a0We offer free or low-cost immigration consultations, legal services, and assistance with citizenship applications. We also [&hellip;]<\/p>\n","protected":false},"author":1,"featured_media":0,"parent":0,"menu_order":0,"comment_status":"closed","ping_status":"closed","template":"","meta":{"_breakdance_hide_in_design_set":false,"_breakdance_tags":"","footnotes":""},"class_list":["post-307","page","type-page","status-publish","hentry"],"yoast_head":"<!-- This site is optimized with the Yoast SEO plugin v27.4 - https:\/\/yoast.com\/product\/yoast-seo-wordpress\/ -->\n<title>Get Help - Napa Valley Together<\/title>\n<meta name=\"robots\" content=\"index, follow, max-snippet:-1, max-image-preview:large, max-video-preview:-1\" \/>\n<link rel=\"canonical\" href=\"https:\/\/napavalleytogether.org\/es\/get-help\/\" \/>\n<meta property=\"og:locale\" content=\"es_MX\" \/>\n<meta property=\"og:type\" content=\"article\" \/>\n<meta property=\"og:title\" content=\"Get Help - Napa Valley Together\" \/>\n<meta property=\"og:description\" content=\"get help We&#039;re Here to Help Navigating immigration challenges can be overwhelming, but you don\u2019t have to do it alone. Napa Valley Together partners can help with legal services, family separation planning, family reunification, deportation removal defense, and citizenship applications.\u00a0We offer free or low-cost immigration consultations, legal services, and assistance with citizenship applications. We also [&hellip;]\" \/>\n<meta property=\"og:url\" content=\"https:\/\/napavalleytogether.org\/es\/get-help\/\" \/>\n<meta property=\"og:site_name\" content=\"Napa Valley Together\" \/>\n<meta property=\"article:modified_time\" content=\"2026-04-13T19:46:31+00:00\" \/>\n<meta name=\"twitter:card\" content=\"summary_large_image\" \/>\n<meta name=\"twitter:label1\" content=\"Tiempo de lectura\" \/>\n\t<meta name=\"twitter:data1\" content=\"3 minutos\" \/>\n<script type=\"application\/ld+json\" class=\"yoast-schema-graph\">{\"@context\":\"https:\\\/\\\/schema.org\",\"@graph\":[{\"@type\":\"WebPage\",\"@id\":\"https:\\\/\\\/napavalleytogether.org\\\/get-help\\\/\",\"url\":\"https:\\\/\\\/napavalleytogether.org\\\/get-help\\\/\",\"name\":\"Get Help - Napa Valley Together\",\"isPartOf\":{\"@id\":\"https:\\\/\\\/napavalleytogether.org\\\/#website\"},\"datePublished\":\"2025-01-23T23:43:40+00:00\",\"dateModified\":\"2026-04-13T19:46:31+00:00\",\"breadcrumb\":{\"@id\":\"https:\\\/\\\/napavalleytogether.org\\\/get-help\\\/#breadcrumb\"},\"inLanguage\":\"es\",\"potentialAction\":[{\"@type\":\"ReadAction\",\"target\":[\"https:\\\/\\\/napavalleytogether.org\\\/get-help\\\/\"]}]},{\"@type\":\"BreadcrumbList\",\"@id\":\"https:\\\/\\\/napavalleytogether.org\\\/get-help\\\/#breadcrumb\",\"itemListElement\":[{\"@type\":\"ListItem\",\"position\":1,\"name\":\"Home\",\"item\":\"https:\\\/\\\/napavalleytogether.org\\\/\"},{\"@type\":\"ListItem\",\"position\":2,\"name\":\"Get Help\"}]},{\"@type\":\"WebSite\",\"@id\":\"https:\\\/\\\/napavalleytogether.org\\\/#website\",\"url\":\"https:\\\/\\\/napavalleytogether.org\\\/\",\"name\":\"Napa Valley Together\",\"description\":\"Allies for Immigrants\",\"potentialAction\":[{\"@type\":\"SearchAction\",\"target\":{\"@type\":\"EntryPoint\",\"urlTemplate\":\"https:\\\/\\\/napavalleytogether.org\\\/?s={search_term_string}\"},\"query-input\":{\"@type\":\"PropertyValueSpecification\",\"valueRequired\":true,\"valueName\":\"search_term_string\"}}],\"inLanguage\":\"es\"}]}<\/script>\n<!-- \/ Yoast SEO plugin. -->","yoast_head_json":{"title":"Conseguir ayuda - Napa Valley Together","robots":{"index":"index","follow":"follow","max-snippet":"max-snippet:-1","max-image-preview":"max-image-preview:large","max-video-preview":"max-video-preview:-1"},"canonical":"https:\/\/napavalleytogether.org\/es\/get-help\/","og_locale":"es_MX","og_type":"article","og_title":"Get Help - Napa Valley Together","og_description":"get help We're Here to Help Navigating immigration challenges can be overwhelming, but you don\u2019t have to do it alone. Napa Valley Together partners can help with legal services, family separation planning, family reunification, deportation removal defense, and citizenship applications.\u00a0We offer free or low-cost immigration consultations, legal services, and assistance with citizenship applications. We also [&hellip;]","og_url":"https:\/\/napavalleytogether.org\/es\/get-help\/","og_site_name":"Napa Valley Together","article_modified_time":"2026-04-13T19:46:31+00:00","twitter_card":"summary_large_image","twitter_misc":{"Tiempo de lectura":"3 minutos"},"schema":{"@context":"https:\/\/schema.org","@graph":[{"@type":"WebPage","@id":"https:\/\/napavalleytogether.org\/get-help\/","url":"https:\/\/napavalleytogether.org\/get-help\/","name":"Conseguir ayuda - Napa Valley Together","isPartOf":{"@id":"https:\/\/napavalleytogether.org\/#website"},"datePublished":"2025-01-23T23:43:40+00:00","dateModified":"2026-04-13T19:46:31+00:00","breadcrumb":{"@id":"https:\/\/napavalleytogether.org\/get-help\/#breadcrumb"},"inLanguage":"es","potentialAction":[{"@type":"ReadAction","target":["https:\/\/napavalleytogether.org\/get-help\/"]}]},{"@type":"BreadcrumbList","@id":"https:\/\/napavalleytogether.org\/get-help\/#breadcrumb","itemListElement":[{"@type":"ListItem","position":1,"name":"Home","item":"https:\/\/napavalleytogether.org\/"},{"@type":"ListItem","position":2,"name":"Get Help"}]},{"@type":"WebSite","@id":"https:\/\/napavalleytogether.org\/#website","url":"https:\/\/napavalleytogether.org\/","name":"Valle de Napa Juntos","description":"Aliados de los inmigrantes","potentialAction":[{"@type":"SearchAction","target":{"@type":"EntryPoint","urlTemplate":"https:\/\/napavalleytogether.org\/?s={search_term_string}"},"query-input":{"@type":"PropertyValueSpecification","valueRequired":true,"valueName":"search_term_string"}}],"inLanguage":"es"}]}},"_links":{"self":[{"href":"https:\/\/napavalleytogether.org\/es\/wp-json\/wp\/v2\/pages\/307","targetHints":{"allow":["GET"]}}],"collection":[{"href":"https:\/\/napavalleytogether.org\/es\/wp-json\/wp\/v2\/pages"}],"about":[{"href":"https:\/\/napavalleytogether.org\/es\/wp-json\/wp\/v2\/types\/page"}],"author":[{"embeddable":true,"href":"https:\/\/napavalleytogether.org\/es\/wp-json\/wp\/v2\/users\/1"}],"replies":[{"embeddable":true,"href":"https:\/\/napavalleytogether.org\/es\/wp-json\/wp\/v2\/comments?post=307"}],"version-history":[{"count":13,"href":"https:\/\/napavalleytogether.org\/es\/wp-json\/wp\/v2\/pages\/307\/revisions"}],"predecessor-version":[{"id":503,"href":"https:\/\/napavalleytogether.org\/es\/wp-json\/wp\/v2\/pages\/307\/revisions\/503"}],"wp:attachment":[{"href":"https:\/\/napavalleytogether.org\/es\/wp-json\/wp\/v2\/media?parent=307"}],"curies":[{"name":"wp","href":"https:\/\/api.w.org\/{rel}","templated":true}]}}